{"id":62,"date":"2021-04-01T20:44:54","date_gmt":"2021-04-01T18:44:54","guid":{"rendered":"https:\/\/chambresdhotesenbresse.fr\/?page_id=62"},"modified":"2022-02-06T22:27:13","modified_gmt":"2022-02-06T21:27:13","slug":"les-chambres","status":"publish","type":"page","link":"https:\/\/chambresdhotesenbresse.fr\/?page_id=62","title":{"rendered":"Les chambres"},"content":{"rendered":"\n<p><\/p>\n\n\n\n<p class=\"has-vivid-red-color has-text-color\" style=\"font-size:35px\"><strong>La chambre \u00ab\u00a0Campagne\u00a0\u00bb <\/strong><\/p>\n\n\n\n<p>Pour trois personnes, lit en 160 et lit en 90, avec salle de bain et toilettes priv\u00e9es. La chambre poss\u00e8de une entr\u00e9e ind\u00e9pendante et elle se situe au rez-de-chauss\u00e9e. Acc\u00e8s direct sur la terrasse, le jardin et sur un grand salon.<\/p>\n\n\n\n<figure class=\"wp-block-gallery has-nested-images columns-default is-cropped wp-block-gallery-1 is-layout-flex wp-block-gallery-is-layout-flex\">\n<figure class=\"wp-block-image size-large\"><img loading=\"lazy\" decoding=\"async\" width=\"1024\" height=\"768\" data-id=\"47\" src=\"https:\/\/chambresdhotesenbresse.fr\/wp-content\/uploads\/2021\/04\/P1000379-1024x768.jpg\" alt=\"\" class=\"wp-image-47\" srcset=\"https:\/\/chambresdhotesenbresse.fr\/wp-content\/uploads\/2021\/04\/P1000379-1024x768.jpg 1024w, https:\/\/chambresdhotesenbresse.fr\/wp-content\/uploads\/2021\/04\/P1000379-300x225.jpg 300w, https:\/\/chambresdhotesenbresse.fr\/wp-content\/uploads\/2021\/04\/P1000379-768x576.jpg 768w, https:\/\/chambresdhotesenbresse.fr\/wp-content\/uploads\/2021\/04\/P1000379-1536x1152.jpg 1536w, https:\/\/chambresdhotesenbresse.fr\/wp-content\/uploads\/2021\/04\/P1000379-2048x1536.jpg 2048w, https:\/\/chambresdhotesenbresse.fr\/wp-content\/uploads\/2021\/04\/P1000379-830x623.jpg 830w, https:\/\/chambresdhotesenbresse.fr\/wp-content\/uploads\/2021\/04\/P1000379-230x173.jpg 230w, https:\/\/chambresdhotesenbresse.fr\/wp-content\/uploads\/2021\/04\/P1000379-350x263.jpg 350w, https:\/\/chambresdhotesenbresse.fr\/wp-content\/uploads\/2021\/04\/P1000379-480x360.jpg 480w\" sizes=\"auto, (max-width: 1024px) 100vw, 1024px\" \/><figcaption>La chambre<\/figcaption><\/figure>\n\n\n\n<figure class=\"wp-block-image size-large\"><img loading=\"lazy\" decoding=\"async\" width=\"1024\" height=\"768\" data-id=\"114\" src=\"https:\/\/chambresdhotesenbresse.fr\/wp-content\/uploads\/2021\/04\/P1000371-1024x768.jpg\" alt=\"\" class=\"wp-image-114\" srcset=\"https:\/\/chambresdhotesenbresse.fr\/wp-content\/uploads\/2021\/04\/P1000371-1024x768.jpg 1024w, https:\/\/chambresdhotesenbresse.fr\/wp-content\/uploads\/2021\/04\/P1000371-300x225.jpg 300w, https:\/\/chambresdhotesenbresse.fr\/wp-content\/uploads\/2021\/04\/P1000371-768x576.jpg 768w, https:\/\/chambresdhotesenbresse.fr\/wp-content\/uploads\/2021\/04\/P1000371-1536x1152.jpg 1536w, https:\/\/chambresdhotesenbresse.fr\/wp-content\/uploads\/2021\/04\/P1000371-2048x1536.jpg 2048w, https:\/\/chambresdhotesenbresse.fr\/wp-content\/uploads\/2021\/04\/P1000371-830x623.jpg 830w, https:\/\/chambresdhotesenbresse.fr\/wp-content\/uploads\/2021\/04\/P1000371-230x173.jpg 230w, https:\/\/chambresdhotesenbresse.fr\/wp-content\/uploads\/2021\/04\/P1000371-350x263.jpg 350w, https:\/\/chambresdhotesenbresse.fr\/wp-content\/uploads\/2021\/04\/P1000371-480x360.jpg 480w\" sizes=\"auto, (max-width: 1024px) 100vw, 1024px\" \/><figcaption>La salle de bain et les toilettes<\/figcaption><\/figure>\n<figcaption class=\"blocks-gallery-caption\">Chambre et salle de bain attenante<\/figcaption><\/figure>\n\n\n\n<figure class=\"wp-block-image size-large is-resized\"><img loading=\"lazy\" decoding=\"async\" src=\"https:\/\/chambresdhotesenbresse.fr\/wp-content\/uploads\/2021\/07\/IMG_20210702_185440-768x1024.jpg\" alt=\"\" class=\"wp-image-196\" width=\"313\" height=\"417\" srcset=\"https:\/\/chambresdhotesenbresse.fr\/wp-content\/uploads\/2021\/07\/IMG_20210702_185440-768x1024.jpg 768w, https:\/\/chambresdhotesenbresse.fr\/wp-content\/uploads\/2021\/07\/IMG_20210702_185440-225x300.jpg 225w, https:\/\/chambresdhotesenbresse.fr\/wp-content\/uploads\/2021\/07\/IMG_20210702_185440-1152x1536.jpg 1152w, https:\/\/chambresdhotesenbresse.fr\/wp-content\/uploads\/2021\/07\/IMG_20210702_185440-1536x2048.jpg 1536w, https:\/\/chambresdhotesenbresse.fr\/wp-content\/uploads\/2021\/07\/IMG_20210702_185440-830x1107.jpg 830w, https:\/\/chambresdhotesenbresse.fr\/wp-content\/uploads\/2021\/07\/IMG_20210702_185440-230x307.jpg 230w, https:\/\/chambresdhotesenbresse.fr\/wp-content\/uploads\/2021\/07\/IMG_20210702_185440-350x467.jpg 350w, https:\/\/chambresdhotesenbresse.fr\/wp-content\/uploads\/2021\/07\/IMG_20210702_185440-480x640.jpg 480w, https:\/\/chambresdhotesenbresse.fr\/wp-content\/uploads\/2021\/07\/IMG_20210702_185440-scaled.jpg 1920w\" sizes=\"auto, (max-width: 313px) 100vw, 313px\" \/><figcaption>Le petit canap\u00e9-lit de la chambre Campagne<\/figcaption><\/figure>\n\n\n\n<p><\/p>\n\n\n\n<p><\/p>\n\n\n\n<p><\/p>\n\n\n\n<p class=\"has-vivid-red-color has-text-color\" style=\"font-size:35px\"><strong>La chambre \u00ab\u00a0Charme\u00a0\u00bb<\/strong><\/p>\n\n\n\n<p>Pour trois personnes, avec un lit en 160 et un lit en 90, la salle de bain est partag\u00e9e. Cette chambre se situe \u00e0 l&rsquo;\u00e9tage. Acc\u00e8s \u00e0 la terrasse, au jardin et au salon.<\/p>\n\n\n\n<div class=\"wp-block-group\"><div class=\"wp-block-group__inner-container is-layout-flow wp-block-group-is-layout-flow\"><\/div><\/div>\n\n\n\n<div class=\"wp-block-columns is-layout-flex wp-container-core-columns-is-layout-9d6595d7 wp-block-columns-is-layout-flex\">\n<div class=\"wp-block-column is-layout-flow wp-block-column-is-layout-flow\" style=\"flex-basis:50%\">\n<figure class=\"wp-block-gallery has-nested-images columns-default is-cropped wp-block-gallery-2 is-layout-flex wp-block-gallery-is-layout-flex\">\n<figure class=\"wp-block-image size-large\"><img loading=\"lazy\" decoding=\"async\" width=\"1024\" height=\"768\" data-id=\"116\" src=\"https:\/\/chambresdhotesenbresse.fr\/wp-content\/uploads\/2021\/04\/chambre-4-1024x768.jpg\" alt=\"\" class=\"wp-image-116\" srcset=\"https:\/\/chambresdhotesenbresse.fr\/wp-content\/uploads\/2021\/04\/chambre-4-1024x768.jpg 1024w, https:\/\/chambresdhotesenbresse.fr\/wp-content\/uploads\/2021\/04\/chambre-4-300x225.jpg 300w, https:\/\/chambresdhotesenbresse.fr\/wp-content\/uploads\/2021\/04\/chambre-4-768x576.jpg 768w, https:\/\/chambresdhotesenbresse.fr\/wp-content\/uploads\/2021\/04\/chambre-4-1536x1152.jpg 1536w, https:\/\/chambresdhotesenbresse.fr\/wp-content\/uploads\/2021\/04\/chambre-4-2048x1536.jpg 2048w, https:\/\/chambresdhotesenbresse.fr\/wp-content\/uploads\/2021\/04\/chambre-4-830x623.jpg 830w, https:\/\/chambresdhotesenbresse.fr\/wp-content\/uploads\/2021\/04\/chambre-4-230x173.jpg 230w, https:\/\/chambresdhotesenbresse.fr\/wp-content\/uploads\/2021\/04\/chambre-4-350x263.jpg 350w, https:\/\/chambresdhotesenbresse.fr\/wp-content\/uploads\/2021\/04\/chambre-4-480x360.jpg 480w\" sizes=\"auto, (max-width: 1024px) 100vw, 1024px\" \/><figcaption>La chambre<\/figcaption><\/figure>\n<\/figure>\n<\/div>\n\n\n\n<div class=\"wp-block-column is-vertically-aligned-top is-layout-flow wp-block-column-is-layout-flow\" style=\"flex-basis:50%\">\n<figure class=\"wp-block-gallery has-nested-images columns-default is-cropped wp-block-gallery-3 is-layout-flex wp-block-gallery-is-layout-flex\">\n<figure class=\"wp-block-image size-large\"><img loading=\"lazy\" decoding=\"async\" width=\"1024\" height=\"768\" data-id=\"117\" src=\"https:\/\/chambresdhotesenbresse.fr\/wp-content\/uploads\/2021\/04\/P1000420-1024x768.jpg\" alt=\"\" class=\"wp-image-117\" srcset=\"https:\/\/chambresdhotesenbresse.fr\/wp-content\/uploads\/2021\/04\/P1000420-1024x768.jpg 1024w, https:\/\/chambresdhotesenbresse.fr\/wp-content\/uploads\/2021\/04\/P1000420-300x225.jpg 300w, https:\/\/chambresdhotesenbresse.fr\/wp-content\/uploads\/2021\/04\/P1000420-768x576.jpg 768w, https:\/\/chambresdhotesenbresse.fr\/wp-content\/uploads\/2021\/04\/P1000420-1536x1152.jpg 1536w, https:\/\/chambresdhotesenbresse.fr\/wp-content\/uploads\/2021\/04\/P1000420-2048x1536.jpg 2048w, https:\/\/chambresdhotesenbresse.fr\/wp-content\/uploads\/2021\/04\/P1000420-830x623.jpg 830w, https:\/\/chambresdhotesenbresse.fr\/wp-content\/uploads\/2021\/04\/P1000420-230x173.jpg 230w, https:\/\/chambresdhotesenbresse.fr\/wp-content\/uploads\/2021\/04\/P1000420-350x263.jpg 350w, https:\/\/chambresdhotesenbresse.fr\/wp-content\/uploads\/2021\/04\/P1000420-480x360.jpg 480w\" sizes=\"auto, (max-width: 1024px) 100vw, 1024px\" \/><figcaption>La salle de bain partag\u00e9e<\/figcaption><\/figure>\n<\/figure>\n<\/div>\n<\/div>\n\n\n\n<div class=\"wp-block-columns is-layout-flex wp-container-core-columns-is-layout-9d6595d7 wp-block-columns-is-layout-flex\">\n<div class=\"wp-block-column is-layout-flow wp-block-column-is-layout-flow\" style=\"flex-basis:50%\">\n<figure class=\"wp-block-gallery has-nested-images columns-default is-cropped wp-block-gallery-4 is-layout-flex wp-block-gallery-is-layout-flex\">\n<figure class=\"wp-block-image size-large\"><img loading=\"lazy\" decoding=\"async\" width=\"1024\" height=\"768\" data-id=\"118\" src=\"https:\/\/chambresdhotesenbresse.fr\/wp-content\/uploads\/2021\/04\/P1000416-1024x768.jpg\" alt=\"\" class=\"wp-image-118\" srcset=\"https:\/\/chambresdhotesenbresse.fr\/wp-content\/uploads\/2021\/04\/P1000416-1024x768.jpg 1024w, https:\/\/chambresdhotesenbresse.fr\/wp-content\/uploads\/2021\/04\/P1000416-300x225.jpg 300w, https:\/\/chambresdhotesenbresse.fr\/wp-content\/uploads\/2021\/04\/P1000416-768x576.jpg 768w, https:\/\/chambresdhotesenbresse.fr\/wp-content\/uploads\/2021\/04\/P1000416-1536x1152.jpg 1536w, https:\/\/chambresdhotesenbresse.fr\/wp-content\/uploads\/2021\/04\/P1000416-2048x1536.jpg 2048w, https:\/\/chambresdhotesenbresse.fr\/wp-content\/uploads\/2021\/04\/P1000416-830x623.jpg 830w, https:\/\/chambresdhotesenbresse.fr\/wp-content\/uploads\/2021\/04\/P1000416-230x173.jpg 230w, https:\/\/chambresdhotesenbresse.fr\/wp-content\/uploads\/2021\/04\/P1000416-350x263.jpg 350w, https:\/\/chambresdhotesenbresse.fr\/wp-content\/uploads\/2021\/04\/P1000416-480x360.jpg 480w\" sizes=\"auto, (max-width: 1024px) 100vw, 1024px\" \/><figcaption>La salle de bain partag\u00e9e<\/figcaption><\/figure>\n<\/figure>\n<\/div>\n\n\n\n<div class=\"wp-block-column is-layout-flow wp-block-column-is-layout-flow\" style=\"flex-basis:50%\">\n<figure class=\"wp-block-gallery has-nested-images columns-default is-cropped wp-block-gallery-5 is-layout-flex wp-block-gallery-is-layout-flex\">\n<figure class=\"wp-block-image size-large is-resized is-style-default\"><img loading=\"lazy\" decoding=\"async\" data-id=\"163\" src=\"https:\/\/chambresdhotesenbresse.fr\/wp-content\/uploads\/2021\/04\/chambre-6-1-1024x768.jpg\" alt=\"\" class=\"wp-image-163\" width=\"389\" height=\"291\" srcset=\"https:\/\/chambresdhotesenbresse.fr\/wp-content\/uploads\/2021\/04\/chambre-6-1-1024x768.jpg 1024w, https:\/\/chambresdhotesenbresse.fr\/wp-content\/uploads\/2021\/04\/chambre-6-1-300x225.jpg 300w, https:\/\/chambresdhotesenbresse.fr\/wp-content\/uploads\/2021\/04\/chambre-6-1-768x576.jpg 768w, https:\/\/chambresdhotesenbresse.fr\/wp-content\/uploads\/2021\/04\/chambre-6-1-1536x1152.jpg 1536w, https:\/\/chambresdhotesenbresse.fr\/wp-content\/uploads\/2021\/04\/chambre-6-1-2048x1536.jpg 2048w, https:\/\/chambresdhotesenbresse.fr\/wp-content\/uploads\/2021\/04\/chambre-6-1-830x623.jpg 830w, https:\/\/chambresdhotesenbresse.fr\/wp-content\/uploads\/2021\/04\/chambre-6-1-230x173.jpg 230w, https:\/\/chambresdhotesenbresse.fr\/wp-content\/uploads\/2021\/04\/chambre-6-1-350x263.jpg 350w, https:\/\/chambresdhotesenbresse.fr\/wp-content\/uploads\/2021\/04\/chambre-6-1-480x360.jpg 480w\" sizes=\"auto, (max-width: 389px) 100vw, 389px\" \/><figcaption>Le lit en 160<\/figcaption><\/figure>\n<\/figure>\n\n\n\n<p><\/p>\n<\/div>\n<\/div>\n\n\n\n<p class=\"has-vivid-red-color has-text-color\" style=\"font-size:35px\"><strong>La chambre \u00ab\u00a0Calme\u00a0\u00bb<\/strong><\/p>\n\n\n\n<p>Pour trois personnes avec lit en 140  et un lit d&rsquo;appoint en 90. Acc\u00e8s \u00e0 la salle de bain partag\u00e9e. Chambre situ\u00e9e \u00e0 l&rsquo;\u00e9tage.  Acc\u00e8s \u00e0 la terrasse, au jardin et au salon.<\/p>\n\n\n\n<figure class=\"wp-block-gallery has-nested-images columns-default is-cropped wp-block-gallery-6 is-layout-flex wp-block-gallery-is-layout-flex\">\n<figure class=\"wp-block-image size-large\"><img loading=\"lazy\" decoding=\"async\" width=\"5184\" height=\"3888\" data-id=\"209\" src=\"https:\/\/chambresdhotesenbresse.fr\/wp-content\/uploads\/2022\/02\/chambre-calme-2022-6.jpg\" alt=\"\" class=\"wp-image-209\"\/><figcaption><strong>La chambre Calme<\/strong><\/figcaption><\/figure>\n<\/figure>\n\n\n\n<div class=\"wp-block-columns is-layout-flex wp-container-core-columns-is-layout-9d6595d7 wp-block-columns-is-layout-flex\">\n<div class=\"wp-block-column is-layout-flow wp-block-column-is-layout-flow\" style=\"flex-basis:50%\">\n<figure class=\"wp-block-gallery has-nested-images columns-default is-cropped wp-block-gallery-7 is-layout-flex wp-block-gallery-is-layout-flex\">\n<figure class=\"wp-block-image size-full\"><img loading=\"lazy\" decoding=\"async\" width=\"5184\" height=\"3888\" data-id=\"206\" src=\"https:\/\/chambresdhotesenbresse.fr\/wp-content\/uploads\/2022\/02\/chambre-calme-2022-2.jpg\" alt=\"\" class=\"wp-image-206\"\/><figcaption>Ambiance cocooning<\/figcaption><\/figure>\n<\/figure>\n\n\n\n<figure class=\"wp-block-gallery has-nested-images columns-default is-cropped wp-block-gallery-8 is-layout-flex wp-block-gallery-is-layout-flex\">\n<figure class=\"wp-block-image size-full\"><img loading=\"lazy\" decoding=\"async\" width=\"5184\" height=\"3888\" data-id=\"205\" src=\"https:\/\/chambresdhotesenbresse.fr\/wp-content\/uploads\/2022\/02\/chambre-calme-2022-1.jpg\" alt=\"\" class=\"wp-image-205\"\/><figcaption>Le lit d&rsquo;appoint<\/figcaption><\/figure>\n<\/figure>\n<\/div>\n\n\n\n<div class=\"wp-block-column is-layout-flow wp-block-column-is-layout-flow\" style=\"flex-basis:50%\">\n<figure class=\"wp-block-gallery has-nested-images columns-default is-cropped wp-block-gallery-9 is-layout-flex wp-block-gallery-is-layout-flex\">\n<figure class=\"wp-block-image size-full is-resized\"><img loading=\"lazy\" decoding=\"async\" data-id=\"207\" src=\"https:\/\/chambresdhotesenbresse.fr\/wp-content\/uploads\/2022\/02\/chambre-calme-2022-3.jpg\" alt=\"\" class=\"wp-image-207\" width=\"401\" height=\"300\"\/><figcaption>Le lit en 140<\/figcaption><\/figure>\n<\/figure>\n\n\n\n<figure class=\"wp-block-gallery has-nested-images columns-default is-cropped wp-block-gallery-10 is-layout-flex wp-block-gallery-is-layout-flex\">\n<figure class=\"wp-block-image size-full\"><img loading=\"lazy\" decoding=\"async\" width=\"5184\" height=\"3888\" data-id=\"208\" src=\"https:\/\/chambresdhotesenbresse.fr\/wp-content\/uploads\/2022\/02\/chambre-calme-2022-4.jpg\" alt=\"\" class=\"wp-image-208\"\/><figcaption>Lit en 140<\/figcaption><\/figure>\n<\/figure>\n\n\n\n<p><\/p>\n<\/div>\n<\/div>\n","protected":false},"excerpt":{"rendered":"<p>La chambre \u00ab\u00a0Campagne\u00a0\u00bb Pour trois personnes, lit en 160 et lit en 90, avec salle de bain et toilettes priv\u00e9es. La chambre poss\u00e8de une entr\u00e9e ind\u00e9pendante et elle se situe au rez-de-chauss\u00e9e. Acc\u00e8s direct sur la terrasse, le jardin et sur un grand salon. La chambre \u00ab\u00a0Charme\u00a0\u00bb Pour trois personnes, avec un lit en 160 [&hellip;]<\/p>\n","protected":false},"author":1,"featured_media":0,"parent":0,"menu_order":0,"comment_status":"closed","ping_status":"closed","template":"","meta":{"footnotes":""},"class_list":["post-62","page","type-page","status-publish","hentry"],"_links":{"self":[{"href":"https:\/\/chambresdhotesenbresse.fr\/index.php?rest_route=\/wp\/v2\/pages\/62","targetHints":{"allow":["GET"]}}],"collection":[{"href":"https:\/\/chambresdhotesenbresse.fr\/index.php?rest_route=\/wp\/v2\/pages"}],"about":[{"href":"https:\/\/chambresdhotesenbresse.fr\/index.php?rest_route=\/wp\/v2\/types\/page"}],"author":[{"embeddable":true,"href":"https:\/\/chambresdhotesenbresse.fr\/index.php?rest_route=\/wp\/v2\/users\/1"}],"replies":[{"embeddable":true,"href":"https:\/\/chambresdhotesenbresse.fr\/index.php?rest_route=%2Fwp%2Fv2%2Fcomments&post=62"}],"version-history":[{"count":15,"href":"https:\/\/chambresdhotesenbresse.fr\/index.php?rest_route=\/wp\/v2\/pages\/62\/revisions"}],"predecessor-version":[{"id":222,"href":"https:\/\/chambresdhotesenbresse.fr\/index.php?rest_route=\/wp\/v2\/pages\/62\/revisions\/222"}],"wp:attachment":[{"href":"https:\/\/chambresdhotesenbresse.fr\/index.php?rest_route=%2Fwp%2Fv2%2Fmedia&parent=62"}],"curies":[{"name":"wp","href":"https:\/\/api.w.org\/{rel}","templated":true}]}}