{"id":38,"date":"2021-04-01T19:10:02","date_gmt":"2021-04-01T17:10:02","guid":{"rendered":"https:\/\/chambresdhotesenbresse.fr\/?page_id=38"},"modified":"2025-04-14T11:43:28","modified_gmt":"2025-04-14T09:43:28","slug":"tourisme","status":"publish","type":"page","link":"https:\/\/chambresdhotesenbresse.fr\/?page_id=38","title":{"rendered":"Tourisme"},"content":{"rendered":"\n<p class=\"has-vivid-red-color has-text-color\" style=\"font-size:35px\"><strong>Le Domaine des Saveurs-Les Planons<\/strong><\/p>\n\n\n\n<p>A 2 kilom\u00e8tres.<\/p>\n\n\n\n<p>Pour d\u00e9couvrir l&rsquo;ancienne ferme bressane des Planons devenue Mus\u00e9e de la Bresse et pour mieux conna\u00eetre la gastronomie Aindinoise.<\/p>\n\n\n\n<p><a href=\"https:\/\/patrimoines.ain.fr\/n\/domaine-des-saveurs-les-planons\/n:810\">https:\/\/patrimoines.ain.fr\/n\/domaine-des-saveurs-les-planons\/n:810<\/a><\/p>\n\n\n\n<p><\/p>\n\n\n\n<figure class=\"wp-block-gallery has-nested-images columns-default is-cropped wp-block-gallery-1 is-layout-flex wp-block-gallery-is-layout-flex\">\n<figure class=\"wp-block-image size-large\"><img loading=\"lazy\" decoding=\"async\" width=\"1024\" height=\"647\" data-id=\"126\" src=\"https:\/\/chambresdhotesenbresse.fr\/wp-content\/uploads\/2021\/04\/rdv-aux-jardins-1024x647.jpg\" alt=\"\" class=\"wp-image-126\" srcset=\"https:\/\/chambresdhotesenbresse.fr\/wp-content\/uploads\/2021\/04\/rdv-aux-jardins-1024x647.jpg 1024w, https:\/\/chambresdhotesenbresse.fr\/wp-content\/uploads\/2021\/04\/rdv-aux-jardins-300x190.jpg 300w, https:\/\/chambresdhotesenbresse.fr\/wp-content\/uploads\/2021\/04\/rdv-aux-jardins-768x485.jpg 768w, https:\/\/chambresdhotesenbresse.fr\/wp-content\/uploads\/2021\/04\/rdv-aux-jardins-830x524.jpg 830w, https:\/\/chambresdhotesenbresse.fr\/wp-content\/uploads\/2021\/04\/rdv-aux-jardins-230x145.jpg 230w, https:\/\/chambresdhotesenbresse.fr\/wp-content\/uploads\/2021\/04\/rdv-aux-jardins-350x221.jpg 350w, https:\/\/chambresdhotesenbresse.fr\/wp-content\/uploads\/2021\/04\/rdv-aux-jardins-480x303.jpg 480w, https:\/\/chambresdhotesenbresse.fr\/wp-content\/uploads\/2021\/04\/rdv-aux-jardins.jpg 1472w\" sizes=\"auto, (max-width: 1024px) 100vw, 1024px\" \/><figcaption class=\"wp-element-caption\">La ferme des Planons<\/figcaption><\/figure>\n<\/figure>\n\n\n\n<p class=\"has-vivid-red-color has-text-color\" style=\"font-size:35px\"><strong>Le village de Georges Blanc \u00e0 Vonnas<\/strong><\/p>\n\n\n\n<p>A 10 kms, visitez le village du c\u00e9l\u00e8bre cuisinier et profitez des boutiques et des restaurants.<\/p>\n\n\n\n<p><a href=\"https:\/\/www.georgesblanc.com\/fr\/\">https:\/\/www.georgesblanc.com\/fr\/<\/a><\/p>\n\n\n\n<div class=\"wp-block-group\"><div class=\"wp-block-group__inner-container is-layout-flow wp-block-group-is-layout-flow\">\n<div class=\"wp-block-columns is-layout-flex wp-container-core-columns-is-layout-9d6595d7 wp-block-columns-is-layout-flex\">\n<div class=\"wp-block-column is-layout-flow wp-block-column-is-layout-flow\" style=\"flex-basis:100%\">\n<figure class=\"wp-block-image size-large\"><img loading=\"lazy\" decoding=\"async\" width=\"261\" height=\"193\" src=\"https:\/\/chambresdhotesenbresse.fr\/wp-content\/uploads\/2021\/04\/telechargement-2.jpg\" alt=\"\" class=\"wp-image-131\" srcset=\"https:\/\/chambresdhotesenbresse.fr\/wp-content\/uploads\/2021\/04\/telechargement-2.jpg 261w, https:\/\/chambresdhotesenbresse.fr\/wp-content\/uploads\/2021\/04\/telechargement-2-230x170.jpg 230w\" sizes=\"auto, (max-width: 261px) 100vw, 261px\" \/><figcaption class=\"wp-element-caption\">Georges Blanc devant son restaurant 3 \u00e9toiles<\/figcaption><\/figure>\n<\/div>\n<\/div>\n<\/div><\/div>\n\n\n\n<p class=\"has-vivid-red-color has-text-color\" style=\"font-size:35px\"><strong>Pont de Veyle: son ch\u00e2teau et son parc<\/strong> <\/p>\n\n\n\n<p>A 8 kilom\u00e8tres<\/p>\n\n\n\n<p>Le ch\u00e2teau et le parc de Pont de Veyle sont class\u00e9s monuments historiques. Une promenade dans le parc est un moment bien agr\u00e9able. L&rsquo;office du tourisme se situe dans le ch\u00e2teau.<\/p>\n\n\n\n<p><a href=\"https:\/\/www.veyle-tourisme.fr\/\">https:\/\/www.veyle-tourisme.fr\/<\/a><\/p>\n\n\n\n<figure class=\"wp-block-gallery has-nested-images columns-default is-cropped wp-block-gallery-2 is-layout-flex wp-block-gallery-is-layout-flex\">\n<figure class=\"wp-block-image size-large\"><img loading=\"lazy\" decoding=\"async\" width=\"1024\" height=\"576\" data-id=\"135\" src=\"https:\/\/chambresdhotesenbresse.fr\/wp-content\/uploads\/2021\/04\/exposition-chateau-de-pont-de-veyle-1024x576.jpg\" alt=\"\" class=\"wp-image-135\" srcset=\"https:\/\/chambresdhotesenbresse.fr\/wp-content\/uploads\/2021\/04\/exposition-chateau-de-pont-de-veyle-1024x576.jpg 1024w, https:\/\/chambresdhotesenbresse.fr\/wp-content\/uploads\/2021\/04\/exposition-chateau-de-pont-de-veyle-300x169.jpg 300w, https:\/\/chambresdhotesenbresse.fr\/wp-content\/uploads\/2021\/04\/exposition-chateau-de-pont-de-veyle-768x432.jpg 768w, https:\/\/chambresdhotesenbresse.fr\/wp-content\/uploads\/2021\/04\/exposition-chateau-de-pont-de-veyle-1536x865.jpg 1536w, https:\/\/chambresdhotesenbresse.fr\/wp-content\/uploads\/2021\/04\/exposition-chateau-de-pont-de-veyle-2048x1153.jpg 2048w, https:\/\/chambresdhotesenbresse.fr\/wp-content\/uploads\/2021\/04\/exposition-chateau-de-pont-de-veyle-830x467.jpg 830w, https:\/\/chambresdhotesenbresse.fr\/wp-content\/uploads\/2021\/04\/exposition-chateau-de-pont-de-veyle-230x129.jpg 230w, https:\/\/chambresdhotesenbresse.fr\/wp-content\/uploads\/2021\/04\/exposition-chateau-de-pont-de-veyle-350x197.jpg 350w, https:\/\/chambresdhotesenbresse.fr\/wp-content\/uploads\/2021\/04\/exposition-chateau-de-pont-de-veyle-480x270.jpg 480w\" sizes=\"auto, (max-width: 1024px) 100vw, 1024px\" \/><figcaption class=\"wp-element-caption\">Le ch\u00e2teau de Pont de Veyle<\/figcaption><\/figure>\n<\/figure>\n\n\n\n<p class=\"has-vivid-red-color has-text-color\" style=\"font-size:35px\"><strong>Base de loisirs de Cormoranche sur Sa\u00f4ne<\/strong><\/p>\n\n\n\n<p>A 15 kms.<\/p>\n\n\n\n<p>Profitez d&rsquo;un espace d\u00e9di\u00e9 aux loisirs aquatiques: baignade, p\u00eache, cano\u00eb kayak, p\u00e9dalos, aqua-parc&#8230;.Et \u00e9galement des jeux pour les enfants et un restaurant.<\/p>\n\n\n\n<p><a href=\"https:\/\/www.lac-cormoranche.com\/fr\/\">https:\/\/www.lac-cormoranche.com\/fr\/<\/a><\/p>\n\n\n\n<figure class=\"wp-block-image size-large\"><img loading=\"lazy\" decoding=\"async\" width=\"275\" height=\"183\" src=\"https:\/\/chambresdhotesenbresse.fr\/wp-content\/uploads\/2021\/04\/base-de-loisirs.jpg\" alt=\"\" class=\"wp-image-176\" srcset=\"https:\/\/chambresdhotesenbresse.fr\/wp-content\/uploads\/2021\/04\/base-de-loisirs.jpg 275w, https:\/\/chambresdhotesenbresse.fr\/wp-content\/uploads\/2021\/04\/base-de-loisirs-230x153.jpg 230w\" sizes=\"auto, (max-width: 275px) 100vw, 275px\" \/><\/figure>\n\n\n\n<p class=\"has-vivid-red-color has-text-color\" style=\"font-size:35px\"><strong>La Roche de Solutr\u00e9<\/strong><\/p>\n\n\n\n<p>A 20 kms.<\/p>\n\n\n\n<p>D\u00e9couvrez ce haut lieu de la pr\u00e9histoire, une Roche impressionnante, un magnifique panorama et un mus\u00e9e tr\u00e8s int\u00e9ressant pour les petits et les grands.<\/p>\n\n\n\n<p><a href=\"http:\/\/rochedesolutre.com\/\">http:\/\/rochedesolutre.com\/<\/a><\/p>\n\n\n\n<figure class=\"wp-block-image size-large\"><img loading=\"lazy\" decoding=\"async\" width=\"259\" height=\"194\" src=\"https:\/\/chambresdhotesenbresse.fr\/wp-content\/uploads\/2021\/04\/solutre.jpg\" alt=\"\" class=\"wp-image-159\" srcset=\"https:\/\/chambresdhotesenbresse.fr\/wp-content\/uploads\/2021\/04\/solutre.jpg 259w, https:\/\/chambresdhotesenbresse.fr\/wp-content\/uploads\/2021\/04\/solutre-230x172.jpg 230w\" sizes=\"auto, (max-width: 259px) 100vw, 259px\" \/><\/figure>\n\n\n\n<p class=\"has-vivid-red-color has-text-color\" style=\"font-size:35px\">M\u00e2con <\/p>\n\n\n\n<p><\/p>\n\n\n\n<p>A 12 kms.<\/p>\n\n\n\n<p>Une ville agr\u00e9able \u00e0 vivre avec ses quais de Sa\u00f4ne toujours anim\u00e9s, ses mus\u00e9es, son cin\u00e9ma multiplexe, son th\u00e9\u00e2tre, sa piscine, sa maison des vins et bien-s\u00fbr ses grands vignobles.<\/p>\n\n\n\n<p><a href=\"https:\/\/www.macon.fr\/\">https:\/\/www.macon.fr\/<\/a><\/p>\n\n\n\n<figure class=\"wp-block-image size-large\"><img loading=\"lazy\" decoding=\"async\" width=\"346\" height=\"145\" src=\"https:\/\/chambresdhotesenbresse.fr\/wp-content\/uploads\/2021\/04\/macon.jpg\" alt=\"\" class=\"wp-image-173\" srcset=\"https:\/\/chambresdhotesenbresse.fr\/wp-content\/uploads\/2021\/04\/macon.jpg 346w, https:\/\/chambresdhotesenbresse.fr\/wp-content\/uploads\/2021\/04\/macon-300x126.jpg 300w, https:\/\/chambresdhotesenbresse.fr\/wp-content\/uploads\/2021\/04\/macon-230x96.jpg 230w\" sizes=\"auto, (max-width: 346px) 100vw, 346px\" \/><figcaption class=\"wp-element-caption\">Le pont de Saint Laurent avec vue sur M\u00e2con<\/figcaption><\/figure>\n\n\n\n<p><\/p>\n\n\n\n<p class=\"has-vivid-red-color has-text-color\" style=\"font-size:35px\">Ch\u00e2tillon sur Chalaronne<\/p>\n\n\n\n<p>A 25 kms.<\/p>\n\n\n\n<p>Un charmant village class\u00e9 avec son march\u00e9 sous les halles le samedi matin: incontournable, son apothicairerie et son mus\u00e9e des traditions.<\/p>\n\n\n\n<p><a href=\"https:\/\/www.chatillon-sur-chalaronne.fr\/\">https:\/\/www.chatillon-sur-chalaronne.fr\/<\/a><\/p>\n\n\n\n<figure class=\"wp-block-image size-large\"><img loading=\"lazy\" decoding=\"async\" width=\"318\" height=\"159\" src=\"https:\/\/chambresdhotesenbresse.fr\/wp-content\/uploads\/2021\/04\/chatillon.jpg\" alt=\"\" class=\"wp-image-169\" srcset=\"https:\/\/chambresdhotesenbresse.fr\/wp-content\/uploads\/2021\/04\/chatillon.jpg 318w, https:\/\/chambresdhotesenbresse.fr\/wp-content\/uploads\/2021\/04\/chatillon-300x150.jpg 300w, https:\/\/chambresdhotesenbresse.fr\/wp-content\/uploads\/2021\/04\/chatillon-230x115.jpg 230w\" sizes=\"auto, (max-width: 318px) 100vw, 318px\" \/><figcaption class=\"wp-element-caption\">La halle sous laquelle a lieu le march\u00e9 le samedi matin<\/figcaption><\/figure>\n\n\n\n<p class=\"has-vivid-red-color has-text-color\" style=\"font-size:35px\">Bourg en Bresse<\/p>\n\n\n\n<p>A 20 kms<\/p>\n\n\n\n<p>Capitale de la Bresse, son centre ville, sa cath\u00e9drale Notre Dame, ses restaurants, son march\u00e9 le mercredi matin.<\/p>\n\n\n\n<p><a href=\"https:\/\/www.bourgenbressetourisme.fr\/\">https:\/\/www.bourgenbressetourisme.fr\/<\/a><\/p>\n\n\n\n<figure class=\"wp-block-image size-large is-resized\"><img loading=\"lazy\" decoding=\"async\" width=\"275\" height=\"183\" src=\"https:\/\/chambresdhotesenbresse.fr\/wp-content\/uploads\/2021\/04\/bourg.jpg\" alt=\"\" class=\"wp-image-178\" style=\"width:530px;height:352px\" srcset=\"https:\/\/chambresdhotesenbresse.fr\/wp-content\/uploads\/2021\/04\/bourg.jpg 275w, https:\/\/chambresdhotesenbresse.fr\/wp-content\/uploads\/2021\/04\/bourg-230x153.jpg 230w\" sizes=\"auto, (max-width: 275px) 100vw, 275px\" \/><figcaption class=\"wp-element-caption\">La cath\u00e9drale Notre Dame<\/figcaption><\/figure>\n\n\n\n<p class=\"has-vivid-red-color has-text-color\" style=\"font-size:35px\">Cluny<\/p>\n\n\n\n<p>D\u00e9couvrez l&rsquo;abbatiale de Cluny, dont le rayonnement a atteint l&rsquo;Europe au Moyen Age, \u00e9galement le lieu des haras nationaux. Plusieurs galeries d&rsquo;art \u00e0 visiter.<\/p>\n\n\n\n<p><a href=\"https:\/\/www.cluny-tourisme.com\/\">https:\/\/www.cluny-tourisme.com\/<\/a><\/p>\n\n\n\n<figure class=\"wp-block-image size-large is-resized\"><img loading=\"lazy\" decoding=\"async\" width=\"275\" height=\"183\" src=\"https:\/\/chambresdhotesenbresse.fr\/wp-content\/uploads\/2021\/04\/cluny.jpg\" alt=\"\" class=\"wp-image-180\" style=\"width:427px;height:284px\" srcset=\"https:\/\/chambresdhotesenbresse.fr\/wp-content\/uploads\/2021\/04\/cluny.jpg 275w, https:\/\/chambresdhotesenbresse.fr\/wp-content\/uploads\/2021\/04\/cluny-230x153.jpg 230w\" sizes=\"auto, (max-width: 275px) 100vw, 275px\" \/><\/figure>\n\n\n\n<p class=\"has-vivid-red-color has-text-color\" style=\"font-size:35px\">Le ch\u00e2teau de Cormatin<\/p>\n\n\n\n<p>A 40 kms<\/p>\n\n\n\n<p>Un magnifique ch\u00e2teau, tr\u00e8s bien restaur\u00e9 et ses jardins \u00e0 la Fran\u00e7aise. Pr\u00e8s de Cluny.<\/p>\n\n\n\n<p><a href=\"https:\/\/chateaudecormatin.com\/\">https:\/\/chateaudecormatin.com\/<\/a><\/p>\n\n\n\n<figure class=\"wp-block-image size-full is-resized\"><img loading=\"lazy\" decoding=\"async\" width=\"300\" height=\"200\" src=\"https:\/\/chambresdhotesenbresse.fr\/wp-content\/uploads\/2022\/02\/Chateau-de-Cormatin-Cormatin-saone-et-loire-Site-Touristique-OvC5POI5NpmetaduGx9-1.jpg\" alt=\"\" class=\"wp-image-224\" style=\"width:502px;height:335px\"\/><\/figure>\n\n\n\n<h2 class=\"wp-block-heading\" id=\"la-voie-bleue-a-macon\"><mark style=\"background-color:rgba(0, 0, 0, 0)\" class=\"has-inline-color has-vivid-cyan-blue-color\">La voie bleue \u00e0 M\u00e2con<\/mark><\/h2>\n\n\n\n<p>A 10 kms<\/p>\n\n\n\n<p>Une piste cyclable de 32 kms jusqu&rsquo;\u00e0 Tournus en bord de Sa\u00f4ne.<\/p>\n\n\n\n<p><a rel=\"noreferrer noopener\" href=\"https:\/\/www.francevelotourisme.com\/itineraire\/bourgogne-du-sud-chalon-sur-saone-macon\/tournus-macon\" data-type=\"URL\" data-id=\"https:\/\/www.francevelotourisme.com\/itineraire\/bourgogne-du-sud-chalon-sur-saone-macon\/tournus-macon\" target=\"_blank\">https:\/\/www.francevelotourisme.com\/itineraire\/bourgogne-du-sud-chalon-sur-saone-macon\/tournus-macon<\/a><\/p>\n\n\n\n<figure class=\"wp-block-image size-large is-resized\"><img loading=\"lazy\" decoding=\"async\" width=\"275\" height=\"183\" src=\"https:\/\/chambresdhotesenbresse.fr\/wp-content\/uploads\/2021\/06\/voie-bleue.jpg\" alt=\"\" class=\"wp-image-192\" style=\"width:500px;height:333px\" srcset=\"https:\/\/chambresdhotesenbresse.fr\/wp-content\/uploads\/2021\/06\/voie-bleue.jpg 275w, https:\/\/chambresdhotesenbresse.fr\/wp-content\/uploads\/2021\/06\/voie-bleue-230x153.jpg 230w\" sizes=\"auto, (max-width: 275px) 100vw, 275px\" \/><\/figure>\n\n\n\n<h2 class=\"wp-block-heading\" id=\"la-voie-verte-au-depart-de-charnay-les-macon\"><mark style=\"background-color:rgba(0, 0, 0, 0)\" class=\"has-inline-color has-vivid-green-cyan-color\">La voie verte au d\u00e9part de Charnay les M\u00e2con<\/mark><\/h2>\n\n\n\n<p>A 10 kms.<\/p>\n\n\n\n<p><a rel=\"noreferrer noopener\" href=\"https:\/\/www.destination-saone-et-loire.fr\/fr\/nos-destinations\/a-velo.html\" data-type=\"URL\" data-id=\"https:\/\/www.destination-saone-et-loire.fr\/fr\/nos-destinations\/a-velo.html\" target=\"_blank\">https:\/\/www.destination-saone-et-loire.fr\/fr\/nos-destinations\/a-velo.html<\/a><\/p>\n\n\n\n<p>De M\u00e2con \u00e0 Cluny un parcours facile, on peut aussi prolonger selon ses capacit\u00e9s.<\/p>\n\n\n\n<figure class=\"wp-block-image size-large is-resized\"><img loading=\"lazy\" decoding=\"async\" width=\"259\" height=\"194\" src=\"https:\/\/chambresdhotesenbresse.fr\/wp-content\/uploads\/2021\/06\/voie-verte.jpg\" alt=\"\" class=\"wp-image-193\" style=\"width:413px;height:309px\" srcset=\"https:\/\/chambresdhotesenbresse.fr\/wp-content\/uploads\/2021\/06\/voie-verte.jpg 259w, https:\/\/chambresdhotesenbresse.fr\/wp-content\/uploads\/2021\/06\/voie-verte-230x172.jpg 230w\" sizes=\"auto, (max-width: 259px) 100vw, 259px\" \/><\/figure>\n\n\n\n<p><\/p>\n\n\n\n<p class=\"has-vivid-red-color has-text-color has-link-color has-medium-font-size wp-elements-7574b5c8d744c67d9bc7df1420fc94a9\"><strong>Une adresse mail pour tout savoir sur le tourisme dans l&rsquo;Ain<\/strong><\/p>\n\n\n\n<p>aintourisme.com<\/p>\n\n\n\n<p><\/p>\n","protected":false},"excerpt":{"rendered":"<p>Le Domaine des Saveurs-Les Planons A 2 kilom\u00e8tres. Pour d\u00e9couvrir l&rsquo;ancienne ferme bressane des Planons devenue Mus\u00e9e de la Bresse et pour mieux conna\u00eetre la gastronomie Aindinoise. https:\/\/patrimoines.ain.fr\/n\/domaine-des-saveurs-les-planons\/n:810 Le village de Georges Blanc \u00e0 Vonnas A 10 kms, visitez le village du c\u00e9l\u00e8bre cuisinier et profitez des boutiques et des restaurants. https:\/\/www.georgesblanc.com\/fr\/ Pont de Veyle: [&hellip;]<\/p>\n","protected":false},"author":1,"featured_media":0,"parent":0,"menu_order":0,"comment_status":"closed","ping_status":"closed","template":"","meta":{"footnotes":""},"class_list":["post-38","page","type-page","status-publish","hentry"],"_links":{"self":[{"href":"https:\/\/chambresdhotesenbresse.fr\/index.php?rest_route=\/wp\/v2\/pages\/38","targetHints":{"allow":["GET"]}}],"collection":[{"href":"https:\/\/chambresdhotesenbresse.fr\/index.php?rest_route=\/wp\/v2\/pages"}],"about":[{"href":"https:\/\/chambresdhotesenbresse.fr\/index.php?rest_route=\/wp\/v2\/types\/page"}],"author":[{"embeddable":true,"href":"https:\/\/chambresdhotesenbresse.fr\/index.php?rest_route=\/wp\/v2\/users\/1"}],"replies":[{"embeddable":true,"href":"https:\/\/chambresdhotesenbresse.fr\/index.php?rest_route=%2Fwp%2Fv2%2Fcomments&post=38"}],"version-history":[{"count":22,"href":"https:\/\/chambresdhotesenbresse.fr\/index.php?rest_route=\/wp\/v2\/pages\/38\/revisions"}],"predecessor-version":[{"id":252,"href":"https:\/\/chambresdhotesenbresse.fr\/index.php?rest_route=\/wp\/v2\/pages\/38\/revisions\/252"}],"wp:attachment":[{"href":"https:\/\/chambresdhotesenbresse.fr\/index.php?rest_route=%2Fwp%2Fv2%2Fmedia&parent=38"}],"curies":[{"name":"wp","href":"https:\/\/api.w.org\/{rel}","templated":true}]}}