{"id":37,"date":"2021-04-01T19:10:02","date_gmt":"2021-04-01T17:10:02","guid":{"rendered":"https:\/\/chambresdhotesenbresse.fr\/?page_id=37"},"modified":"2025-08-27T08:10:46","modified_gmt":"2025-08-27T06:10:46","slug":"les-tarifs","status":"publish","type":"page","link":"https:\/\/chambresdhotesenbresse.fr\/?page_id=37","title":{"rendered":"Les tarifs"},"content":{"rendered":"\n<p>Le petit-d\u00e9jeuner est compris dans les tarifs des chambres. Il est pr\u00e9par\u00e9 avec des produits bio ou locaux.<\/p>\n\n\n\n<p>Mise \u00e0 disposition de tout le mat\u00e9riel de pu\u00e9riculture. Pour les chambres \u00ab\u00a0Charme\u00a0\u00bb et \u00ab\u00a0Calme\u00a0\u00bb la salle de bain est partag\u00e9e.<\/p>\n\n\n\n<p>A partir du 1er septembre 2025 et jusqu&rsquo;au 1er juin 2026, il n&rsquo;y aura pas de table d&rsquo;h\u00f4tes. A partir du 1er juin 2026, la table d&rsquo;h\u00f4tes sera simplifi\u00e9e avec une entr\u00e9e, un plateau de charcuteries, un plateau de fromage et un dessert. Nous consulter pour les prix. La table d&rsquo;h\u00f4tes n&rsquo;est pas possible certains soirs si nous ne sommes pas disponibles.  Nous mettons \u00e9galement \u00e0 votre disposition une liste de restaurants dans les alentours.<\/p>\n\n\n\n<p><strong>Prix des chambres \u00e0 partir du 1er janvier 2025:<\/strong><\/p>\n\n\n\n<figure class=\"wp-block-table\"><table><tbody><tr><td><\/td><td>Nuit\u00e9e pour une personne<\/td><td>Nuit\u00e9e pour deux personnes<\/td><td>Nuit\u00e9e pour trois personnes<\/td><\/tr><tr><td>Chambre \u00ab\u00a0Campagne\u00a0\u00bb<\/td><td>48 euros<\/td><td>58 euros<\/td><td>68 euros<\/td><\/tr><tr><td>Chambre \u00ab\u00a0Charme\u00a0\u00bb<\/td><td>35 euros<\/td><td>45 euros<\/td><td>55 euros<\/td><\/tr><tr><td>Chambre \u00ab\u00a0Calme\u00a0\u00bb<br><\/td><td>35 euros<\/td><td>45 euros<\/td><td>55 euros<\/td><\/tr><\/tbody><\/table><figcaption class=\"wp-element-caption\">Les prix comprennent le petit d\u00e9jeuner. Remise de 10% \u00e0 partir de 2 nuit\u00e9es pour les s\u00e9jours de tourisme. <\/figcaption><\/figure>\n\n\n\n<p><\/p>\n\n\n\n<p>Pour les longs s\u00e9jours professionnels nous consulter.<\/p>\n\n\n\n<p><\/p>\n\n\n\n<p>Un contrat sera envoy\u00e9 pour chaque r\u00e9servation et un acompte de 25% sera demand\u00e9 pour confirmation. Annulation COVID gratuite.<\/p>\n\n\n\n<p><\/p>\n\n\n\n<figure class=\"wp-block-image size-large\"><img loading=\"lazy\" decoding=\"async\" width=\"1024\" height=\"768\" src=\"https:\/\/chambresdhotesenbresse.fr\/wp-content\/uploads\/2021\/04\/chambre-3-1024x768.jpg\" alt=\"\" class=\"wp-image-72\" srcset=\"https:\/\/chambresdhotesenbresse.fr\/wp-content\/uploads\/2021\/04\/chambre-3-1024x768.jpg 1024w, https:\/\/chambresdhotesenbresse.fr\/wp-content\/uploads\/2021\/04\/chambre-3-300x225.jpg 300w, https:\/\/chambresdhotesenbresse.fr\/wp-content\/uploads\/2021\/04\/chambre-3-768x576.jpg 768w, https:\/\/chambresdhotesenbresse.fr\/wp-content\/uploads\/2021\/04\/chambre-3-1536x1152.jpg 1536w, https:\/\/chambresdhotesenbresse.fr\/wp-content\/uploads\/2021\/04\/chambre-3-2048x1536.jpg 2048w, https:\/\/chambresdhotesenbresse.fr\/wp-content\/uploads\/2021\/04\/chambre-3-830x623.jpg 830w, https:\/\/chambresdhotesenbresse.fr\/wp-content\/uploads\/2021\/04\/chambre-3-230x173.jpg 230w, https:\/\/chambresdhotesenbresse.fr\/wp-content\/uploads\/2021\/04\/chambre-3-350x263.jpg 350w, https:\/\/chambresdhotesenbresse.fr\/wp-content\/uploads\/2021\/04\/chambre-3-480x360.jpg 480w\" sizes=\"auto, (max-width: 1024px) 100vw, 1024px\" \/><\/figure>\n","protected":false},"excerpt":{"rendered":"<p>Le petit-d\u00e9jeuner est compris dans les tarifs des chambres. Il est pr\u00e9par\u00e9 avec des produits bio ou locaux. Mise \u00e0 disposition de tout le mat\u00e9riel de pu\u00e9riculture. Pour les chambres \u00ab\u00a0Charme\u00a0\u00bb et \u00ab\u00a0Calme\u00a0\u00bb la salle de bain est partag\u00e9e. A partir du 1er septembre 2025 et jusqu&rsquo;au 1er juin 2026, il n&rsquo;y aura pas de [&hellip;]<\/p>\n","protected":false},"author":1,"featured_media":0,"parent":0,"menu_order":0,"comment_status":"closed","ping_status":"closed","template":"","meta":{"footnotes":""},"class_list":["post-37","page","type-page","status-publish","hentry"],"_links":{"self":[{"href":"https:\/\/chambresdhotesenbresse.fr\/index.php?rest_route=\/wp\/v2\/pages\/37","targetHints":{"allow":["GET"]}}],"collection":[{"href":"https:\/\/chambresdhotesenbresse.fr\/index.php?rest_route=\/wp\/v2\/pages"}],"about":[{"href":"https:\/\/chambresdhotesenbresse.fr\/index.php?rest_route=\/wp\/v2\/types\/page"}],"author":[{"embeddable":true,"href":"https:\/\/chambresdhotesenbresse.fr\/index.php?rest_route=\/wp\/v2\/users\/1"}],"replies":[{"embeddable":true,"href":"https:\/\/chambresdhotesenbresse.fr\/index.php?rest_route=%2Fwp%2Fv2%2Fcomments&post=37"}],"version-history":[{"count":20,"href":"https:\/\/chambresdhotesenbresse.fr\/index.php?rest_route=\/wp\/v2\/pages\/37\/revisions"}],"predecessor-version":[{"id":258,"href":"https:\/\/chambresdhotesenbresse.fr\/index.php?rest_route=\/wp\/v2\/pages\/37\/revisions\/258"}],"wp:attachment":[{"href":"https:\/\/chambresdhotesenbresse.fr\/index.php?rest_route=%2Fwp%2Fv2%2Fmedia&parent=37"}],"curies":[{"name":"wp","href":"https:\/\/api.w.org\/{rel}","templated":true}]}}