{"id":26,"date":"2021-04-01T18:25:25","date_gmt":"2021-04-01T16:25:25","guid":{"rendered":"https:\/\/chambresdhotesenbresse.fr\/?page_id=26"},"modified":"2025-01-31T13:28:49","modified_gmt":"2025-01-31T12:28:49","slug":"accueil","status":"publish","type":"page","link":"https:\/\/chambresdhotesenbresse.fr\/","title":{"rendered":"Accueil"},"content":{"rendered":"\n<figure class=\"wp-block-image size-full\"><img loading=\"lazy\" decoding=\"async\" width=\"4000\" height=\"1305\" src=\"https:\/\/chambresdhotesenbresse.fr\/wp-content\/uploads\/2025\/01\/logo-2.png\" alt=\"\" class=\"wp-image-244\"\/><\/figure>\n\n\n\n<blockquote class=\"wp-block-quote is-style-large is-layout-flow wp-block-quote-is-layout-flow\">\n<p>Etre en vacances, c&rsquo;est n&rsquo;avoir rien \u00e0 faire et avoir toute la journ\u00e9e pour le faire.<\/p>\n\n\n\n<p>Robert Orben<\/p>\n<\/blockquote>\n\n\n\n<p>H\u00e9l\u00e8ne vous accueille dans son ancienne ferme bressane enti\u00e8rement restaur\u00e9e. A 5 minutes de la sortie A40 et \u00e0 10 minutes de la sortie A7, les chambres en Bresse se situent \u00e0 Saint Cyr sur Menthon, \u00e0 12 kms de M\u00e2con et \u00e0 20 kms de Bourg en Bresse. Il y a de nombreuses activit\u00e9s touristiques tout autour et la Bresse offre de belles prestations gastronomiques: le village de Georges Blanc se situe \u00e0 10 kms et sur la commune de Saint Cyr se trouve le Domaine des saveurs, v\u00e9ritable vitrine de la gastronomie aindinoise.<\/p>\n\n\n\n<p>Trois chambres sont propos\u00e9es: \u00ab\u00a0Campagne\u00a0\u00bb pour deux ou trois personnes avec sa salle de bain priv\u00e9e, \u00ab\u00a0Charme\u00a0\u00bb pour trois personnes et \u00ab\u00a0Calme\u00a0\u00bb pour deux ou trois personnes avec salle de bain partag\u00e9e pour ces deux chambres.<\/p>\n\n\n\n<p>Vous aurez acc\u00e8s aux ext\u00e9rieurs: une grande terrasse et un jardin, la maison se situe au calme.<\/p>\n\n\n\n<p>Plateau de courtoisie dans chaque chambre.<\/p>\n\n\n\n<p>Le petit-d\u00e9jeuner copieux est pr\u00e9par\u00e9 avec des produits bio ou locaux.<\/p>\n\n\n\n<figure class=\"wp-block-gallery has-nested-images columns-default is-cropped wp-block-gallery-1 is-layout-flex wp-block-gallery-is-layout-flex\">\n<figure class=\"wp-block-image size-large\"><img loading=\"lazy\" decoding=\"async\" width=\"1024\" height=\"768\" data-id=\"31\" src=\"https:\/\/chambresdhotesenbresse.fr\/wp-content\/uploads\/2021\/04\/P1000413-1024x768.jpg\" alt=\"\" class=\"wp-image-31\" srcset=\"https:\/\/chambresdhotesenbresse.fr\/wp-content\/uploads\/2021\/04\/P1000413-1024x768.jpg 1024w, https:\/\/chambresdhotesenbresse.fr\/wp-content\/uploads\/2021\/04\/P1000413-300x225.jpg 300w, https:\/\/chambresdhotesenbresse.fr\/wp-content\/uploads\/2021\/04\/P1000413-768x576.jpg 768w, https:\/\/chambresdhotesenbresse.fr\/wp-content\/uploads\/2021\/04\/P1000413-1536x1152.jpg 1536w, https:\/\/chambresdhotesenbresse.fr\/wp-content\/uploads\/2021\/04\/P1000413-2048x1536.jpg 2048w, https:\/\/chambresdhotesenbresse.fr\/wp-content\/uploads\/2021\/04\/P1000413-830x623.jpg 830w, https:\/\/chambresdhotesenbresse.fr\/wp-content\/uploads\/2021\/04\/P1000413-230x173.jpg 230w, https:\/\/chambresdhotesenbresse.fr\/wp-content\/uploads\/2021\/04\/P1000413-350x263.jpg 350w, https:\/\/chambresdhotesenbresse.fr\/wp-content\/uploads\/2021\/04\/P1000413-480x360.jpg 480w\" sizes=\"auto, (max-width: 1024px) 100vw, 1024px\" \/><\/figure>\n<\/figure>\n","protected":false},"excerpt":{"rendered":"<p>Etre en vacances, c&rsquo;est n&rsquo;avoir rien \u00e0 faire et avoir toute la journ\u00e9e pour le faire. Robert Orben H\u00e9l\u00e8ne vous accueille dans son ancienne ferme bressane enti\u00e8rement restaur\u00e9e. A 5 minutes de la sortie A40 et \u00e0 10 minutes de la sortie A7, les chambres en Bresse se situent \u00e0 Saint Cyr sur Menthon, \u00e0 [&hellip;]<\/p>\n","protected":false},"author":1,"featured_media":0,"parent":0,"menu_order":0,"comment_status":"closed","ping_status":"closed","template":"","meta":{"footnotes":""},"class_list":["post-26","page","type-page","status-publish","hentry"],"_links":{"self":[{"href":"https:\/\/chambresdhotesenbresse.fr\/index.php?rest_route=\/wp\/v2\/pages\/26","targetHints":{"allow":["GET"]}}],"collection":[{"href":"https:\/\/chambresdhotesenbresse.fr\/index.php?rest_route=\/wp\/v2\/pages"}],"about":[{"href":"https:\/\/chambresdhotesenbresse.fr\/index.php?rest_route=\/wp\/v2\/types\/page"}],"author":[{"embeddable":true,"href":"https:\/\/chambresdhotesenbresse.fr\/index.php?rest_route=\/wp\/v2\/users\/1"}],"replies":[{"embeddable":true,"href":"https:\/\/chambresdhotesenbresse.fr\/index.php?rest_route=%2Fwp%2Fv2%2Fcomments&post=26"}],"version-history":[{"count":9,"href":"https:\/\/chambresdhotesenbresse.fr\/index.php?rest_route=\/wp\/v2\/pages\/26\/revisions"}],"predecessor-version":[{"id":245,"href":"https:\/\/chambresdhotesenbresse.fr\/index.php?rest_route=\/wp\/v2\/pages\/26\/revisions\/245"}],"wp:attachment":[{"href":"https:\/\/chambresdhotesenbresse.fr\/index.php?rest_route=%2Fwp%2Fv2%2Fmedia&parent=26"}],"curies":[{"name":"wp","href":"https:\/\/api.w.org\/{rel}","templated":true}]}}